{"id":124,"date":"2017-06-04T11:10:53","date_gmt":"2017-06-04T09:10:53","guid":{"rendered":"http:\/\/www.rage77.com\/smk\/?page_id=124"},"modified":"2017-06-10T10:30:16","modified_gmt":"2017-06-10T08:30:16","slug":"124-2","status":"publish","type":"page","link":"https:\/\/www.rage77.com\/smk\/124-2\/","title":{"rendered":""},"content":{"rendered":"<p><img decoding=\"async\" loading=\"lazy\" class=\"size-full wp-image-209 aligncenter\" src=\"http:\/\/www.rage77.com\/smk\/wp-content\/uploads\/2017\/06\/smk_header-1.jpg\" alt=\"\" width=\"1000\" height=\"304\" \/><\/p>\n<p>&nbsp;<\/p>\n<p style=\"text-align: center;\">\n<table id=\"tablepress-1\" class=\"tablepress tablepress-id-1\">\n<tbody class=\"row-hover\">\n<tr class=\"row-1 odd\">\n\t<td class=\"column-1\"><a href=\"http:\/\/destinytracker.com\/d2\/profile\/psn\/Rage77com\" target=\"_blank\" rel=\"noopener noreferrer\">Rage77com<\/a><\/td><td class=\"column-2\"><a href=\"http:\/\/destinytracker.com\/d2\/profile\/psn\/matsrix\" target=\"_blank\" rel=\"noopener noreferrer\">Matsrix<\/a><\/td><td class=\"column-3\"><a href=\"https:\/\/destinytracker.com\/d2\/profile\/psn\/luky84_PL\" target=\"_blank\" rel=\"noopener noreferrer\">luky84_PL<\/a><\/td><td class=\"column-4\"><a href=\"http:\/\/destinytracker.com\/d2\/profile\/psn\/Robi1Kinobe\" target=\"_blank\" rel=\"noopener noreferrer\">Robi1Kinobe<\/a><\/td><td class=\"column-5\"><a href=\"http:\/\/destinytracker.com\/d2\/profile\/psn\/Selin1703\" target=\"_blank\" rel=\"noopener noreferrer\">Selin1703<\/a><\/td>\n<\/tr>\n<tr class=\"row-2 even\">\n\t<td class=\"column-1\"><\/td><td class=\"column-2\"><a href=\"https:\/\/destinytracker.com\/d2\/\" target=\"_blank\" rel=\"noopener noreferrer\">Kiragon<\/a><\/td><td class=\"column-3\"><\/td><td class=\"column-4\"><\/td><td class=\"column-5\"><\/td>\n<\/tr>\n<tr class=\"row-3 odd\">\n\t<td class=\"column-1\"><\/td><td class=\"column-2\"><\/td><td class=\"column-3\"><\/td><td class=\"column-4\"><\/td><td class=\"column-5\"><\/td>\n<\/tr>\n<tr class=\"row-4 even\">\n\t<td class=\"column-1\"><\/td><td class=\"column-2\"><\/td><td class=\"column-3\"><\/td><td class=\"column-4\"><\/td><td class=\"column-5\"><\/td>\n<\/tr>\n<\/tbody>\n<\/table>\n<!-- #tablepress-1 from cache --><\/p>\n<p>&nbsp;<\/p>\n<p>Wir sind ein Clan aus der Steiermark (\u00d6sterreich) mit internationalem Touch, besteht seit dem Release von Destiny und wir spielen auf der PS4!<br \/>\nWir pflegen einen respektvollen und niveauvollen Umgang mit unseren Mitgliedern und sind immer offen f\u00fcr neue H\u00fcter!<br \/>\nEgal ob PvE oder PvP, bei uns findest Du immer Mitspieler!<\/p>\n<p>Falls Du unserem Team beitreten willst hinterlass auf unserer Clanseite auf <a href=\"https:\/\/www.bungie.net\/de\/Clan\/Detail\/244667\" target=\"_blank\" rel=\"noopener\">bungie.net<\/a> eine Nachricht und wir melden uns bei Dir!<\/p>\n<p>&nbsp;<\/p>\n<header class=\"entry-header\">\n<h6 class=\"entry-title\"><strong>Impressum<\/strong><\/h6>\n<\/header>\n<div class=\"entry-content\">\n<h6>Suppressing Multi Killers<\/h6>\n<h6>F\u00f6rderung und Aus\u00fcbung diverser Onlinespiele<\/h6>\n<h6>games@rage77.com<\/h6>\n<h6><em>Medienrechtlicher Hinweis:<\/em> <em>Links auf andere Webseiten sind nur Wegweiser zu diesen Seiten. Die verlinkten Homepages stehen jeweils unter eigener inhaltlicher Verantwortung der BetreiberInnen. Suppressing Multi Killers \u00fcbernimmt f\u00fcr die auf den verlinkten Webseiten verbreiteten Inhalte daher ausdr\u00fccklich keine Haftung.<\/em><\/h6>\n<\/div>\n","protected":false},"excerpt":{"rendered":"<p>&nbsp; &nbsp; Wir sind ein Clan aus der Steiermark (\u00d6sterreich) mit internationalem Touch, besteht seit dem Release von Destiny und wir spielen auf&hellip;<\/p>\n","protected":false},"author":1,"featured_media":0,"parent":0,"menu_order":0,"comment_status":"closed","ping_status":"closed","template":"","meta":{"_bbp_topic_count":0,"_bbp_reply_count":0,"_bbp_total_topic_count":0,"_bbp_total_reply_count":0,"_bbp_voice_count":0,"_bbp_anonymous_reply_count":0,"_bbp_topic_count_hidden":0,"_bbp_reply_count_hidden":0,"_bbp_forum_subforum_count":0,"footnotes":""},"rttpg_featured_image_url":null,"rttpg_author":{"display_name":"Rage77com","author_link":"https:\/\/www.rage77.com\/smk\/author\/rage77com\/"},"rttpg_comment":0,"rttpg_category":null,"rttpg_excerpt":"&nbsp; &nbsp; Wir sind ein Clan aus der Steiermark (\u00d6sterreich) mit internationalem Touch, besteht seit dem Release von Destiny und wir spielen auf&hellip;","_links":{"self":[{"href":"https:\/\/www.rage77.com\/smk\/wp-json\/wp\/v2\/pages\/124"}],"collection":[{"href":"https:\/\/www.rage77.com\/smk\/wp-json\/wp\/v2\/pages"}],"about":[{"href":"https:\/\/www.rage77.com\/smk\/wp-json\/wp\/v2\/types\/page"}],"author":[{"embeddable":true,"href":"https:\/\/www.rage77.com\/smk\/wp-json\/wp\/v2\/users\/1"}],"replies":[{"embeddable":true,"href":"https:\/\/www.rage77.com\/smk\/wp-json\/wp\/v2\/comments?post=124"}],"version-history":[{"count":32,"href":"https:\/\/www.rage77.com\/smk\/wp-json\/wp\/v2\/pages\/124\/revisions"}],"predecessor-version":[{"id":210,"href":"https:\/\/www.rage77.com\/smk\/wp-json\/wp\/v2\/pages\/124\/revisions\/210"}],"wp:attachment":[{"href":"https:\/\/www.rage77.com\/smk\/wp-json\/wp\/v2\/media?parent=124"}],"curies":[{"name":"wp","href":"https:\/\/api.w.org\/{rel}","templated":true}]}}